{"id":77,"date":"2024-02-21T11:22:31","date_gmt":"2024-02-21T18:22:31","guid":{"rendered":"https:\/\/casarubi.mx\/?page_id=77"},"modified":"2024-04-25T12:38:51","modified_gmt":"2024-04-25T18:38:51","slug":"preguntas-frecuentes","status":"publish","type":"page","link":"https:\/\/casarubi.mx\/inicio\/0\/preguntas-frecuentes\/","title":{"rendered":"Preguntas Frecuentes"},"content":{"rendered":"\t\t<div data-elementor-type=\"wp-page\" data-elementor-id=\"77\" class=\"elementor elementor-77\" data-elementor-settings=\"{&quot;ha_cmc_init_switcher&quot;:&quot;no&quot;}\">\n\t\t\t\t<div class=\"elementor-element elementor-element-89b7ffa e-flex e-con-boxed e-con e-parent\" data-id=\"89b7ffa\" data-element_type=\"container\" data-e-type=\"container\" data-settings=\"{&quot;_ha_eqh_enable&quot;:false}\">\n\t\t\t\t\t<div class=\"e-con-inner\">\n\t\t\t\t<div class=\"elementor-element elementor-element-82b49e5 elementor-widget elementor-widget-text-editor\" data-id=\"82b49e5\" data-element_type=\"widget\" data-e-type=\"widget\" data-widget_type=\"text-editor.default\">\n\t\t\t\t<div class=\"elementor-widget-container\">\n\t\t\t\t\t\t\t\t\t<p>Preguntas Frecuentes<\/p>\t\t\t\t\t\t\t\t<\/div>\n\t\t\t\t<\/div>\n\t\t<div class=\"elementor-element elementor-element-1997c3c e-flex e-con-boxed e-con e-child\" data-id=\"1997c3c\" data-element_type=\"container\" data-e-type=\"container\" data-settings=\"{&quot;_ha_eqh_enable&quot;:false}\">\n\t\t\t\t\t<div class=\"e-con-inner\">\n\t\t\t\t<div class=\"elementor-element elementor-element-c1abe71 elementor-widget elementor-widget-betterdocs-faq\" data-id=\"c1abe71\" data-element_type=\"widget\" data-e-type=\"widget\" data-widget_type=\"betterdocs-faq.default\">\n\t\t\t\t\t<div\n\tclass=\"betterdocs-faq-wrapper layout-classic icon-after betterdocs-faq-layout-2 betterdocs-shortcode\">\n\t<h2 class=\"betterdocs-faq-layout-2 betterdocs-faq-section-title\"><\/h2>\n\t<div class=\"betterdocs-faq-inner-wrapper\">\n\t\t<div class=\"betterdocs-faq-title\">\n\t<h3 class=\"betterdocs-faq-title-tag\">Preguntas Frecuentes<\/h3><\/div>\n<ul class=\"betterdocs-faq-list\"><li><div class=\"betterdocs-faq-group\"><div class=\"betterdocs-faq-post\">\n\t<div class=\"betterdocs-faq-post-icon-group\"><svg class=\"betterdocs-faq-iconplus\" xmlns=\"http:\/\/www.w3.org\/2000\/svg\" viewBox=\"0 0 24 24\"><path fill=\"#000000\" d=\"M18 10h-4V6h-4v4H6v4h4v4h4v-4h4\"><\/path><\/svg><svg class=\"betterdocs-faq-iconminus\" xmlns=\"http:\/\/www.w3.org\/2000\/svg\" viewBox=\"0 0 24 24\"><path fill=\"#000000\" d=\"M6 10h12v4H6z\"><\/path><\/svg><\/div>\t<p class=\"betterdocs-faq-post-name\">\n\t\t\u00bfQu\u00e9 es empe\u00f1o?\t<\/p>\n\t<\/div>\n<div class=\"betterdocs-faq-main-content\" >\n\t<p>Se trata de un pr\u00e9stamo con inter\u00e9s, respaldado por una garant\u00eda prendaria que queda registrada en el contrato. En este proceso, el receptor del pr\u00e9stamo se compromete a devolverlo asegurando larestituci\u00f3n mediante la entrega f\u00edsica o legal de un bien como prenda.&nbsp;<\/p>\n<\/div>\n<\/div><\/li><li><div class=\"betterdocs-faq-group\"><div class=\"betterdocs-faq-post\">\n\t<div class=\"betterdocs-faq-post-icon-group\"><svg class=\"betterdocs-faq-iconplus\" xmlns=\"http:\/\/www.w3.org\/2000\/svg\" viewBox=\"0 0 24 24\"><path fill=\"#000000\" d=\"M18 10h-4V6h-4v4H6v4h4v4h4v-4h4\"><\/path><\/svg><svg class=\"betterdocs-faq-iconminus\" xmlns=\"http:\/\/www.w3.org\/2000\/svg\" viewBox=\"0 0 24 24\"><path fill=\"#000000\" d=\"M6 10h12v4H6z\"><\/path><\/svg><\/div>\t<p class=\"betterdocs-faq-post-name\">\n\t\t\u00bfCu\u00e1l es el proceso de empe\u00f1o?\t<\/p>\n\t<\/div>\n<div class=\"betterdocs-faq-main-content\" >\n\t<p>1-\tLleva el art\u00edculo que deseas empe\u00f1ar a la cualquiera de nuestras sucursales, junto con una identificaci\u00f3n oficial (INE y\/o pasaporte).<\/p>\n<p>2-\tNuestro personal realizara un avalu\u00f3 del art\u00edculo, revisara si es apto para empe\u00f1o y de ser as\u00ed te dir\u00e1 el monto de tu empe\u00f1o.&nbsp;<\/p>\n<p>3-\tUna vez aceptado el monto del empe\u00f1o, se proceder\u00e1 a elaborar y firmar la boleta.<\/p>\n<p>4-\tRecibe tu dinero.<\/p>\n<\/div>\n<\/div><\/li><li><div class=\"betterdocs-faq-group\"><div class=\"betterdocs-faq-post\">\n\t<div class=\"betterdocs-faq-post-icon-group\"><svg class=\"betterdocs-faq-iconplus\" xmlns=\"http:\/\/www.w3.org\/2000\/svg\" viewBox=\"0 0 24 24\"><path fill=\"#000000\" d=\"M18 10h-4V6h-4v4H6v4h4v4h4v-4h4\"><\/path><\/svg><svg class=\"betterdocs-faq-iconminus\" xmlns=\"http:\/\/www.w3.org\/2000\/svg\" viewBox=\"0 0 24 24\"><path fill=\"#000000\" d=\"M6 10h12v4H6z\"><\/path><\/svg><\/div>\t<p class=\"betterdocs-faq-post-name\">\n\t\t\u00bfQu\u00e9 es una boleta?\t<\/p>\n\t<\/div>\n<div class=\"betterdocs-faq-main-content\" >\n\t<p>Es un contrato formalizado entre la compa\u00f1\u00eda y el cliente al optar por empe\u00f1ar con nosotros. Este contrato est\u00e1 debidamente inscrito y autorizado por PROFECO, lo cual nos avala como una empresa comprometida y confiable.<\/p>\n<\/div>\n<\/div><\/li><li><div class=\"betterdocs-faq-group\"><div class=\"betterdocs-faq-post\">\n\t<div class=\"betterdocs-faq-post-icon-group\"><svg class=\"betterdocs-faq-iconplus\" xmlns=\"http:\/\/www.w3.org\/2000\/svg\" viewBox=\"0 0 24 24\"><path fill=\"#000000\" d=\"M18 10h-4V6h-4v4H6v4h4v4h4v-4h4\"><\/path><\/svg><svg class=\"betterdocs-faq-iconminus\" xmlns=\"http:\/\/www.w3.org\/2000\/svg\" viewBox=\"0 0 24 24\"><path fill=\"#000000\" d=\"M6 10h12v4H6z\"><\/path><\/svg><\/div>\t<p class=\"betterdocs-faq-post-name\">\n\t\t\u00bfQu\u00e9 puedo empe\u00f1ar?\t<\/p>\n\t<\/div>\n<div class=\"betterdocs-faq-main-content\" >\n\t<p>Joyer\u00eda (Oro, monedas y relojes), dispositivos y aparatos electr\u00f3nicos, herramientas, factura de veh\u00edculos, maquinaria amarilla, autom\u00f3viles fisicos, motocicletas, siempre y cuando est\u00e9n en buenas condiciones de presentaci\u00f3n y funcionamiento.<\/p>\n<\/div>\n<\/div><\/li><li><div class=\"betterdocs-faq-group\"><div class=\"betterdocs-faq-post\">\n\t<div class=\"betterdocs-faq-post-icon-group\"><svg class=\"betterdocs-faq-iconplus\" xmlns=\"http:\/\/www.w3.org\/2000\/svg\" viewBox=\"0 0 24 24\"><path fill=\"#000000\" d=\"M18 10h-4V6h-4v4H6v4h4v4h4v-4h4\"><\/path><\/svg><svg class=\"betterdocs-faq-iconminus\" xmlns=\"http:\/\/www.w3.org\/2000\/svg\" viewBox=\"0 0 24 24\"><path fill=\"#000000\" d=\"M6 10h12v4H6z\"><\/path><\/svg><\/div>\t<p class=\"betterdocs-faq-post-name\">\n\t\t\u00bfC\u00f3mo se calcula el valor de mi pr\u00e9stamo?\t<\/p>\n\t<\/div>\n<div class=\"betterdocs-faq-main-content\" >\n\t<p>La cantidad del pr\u00e9stamo se determina en base a la valoraci\u00f3n de la prenda:<\/p>\n<p><strong>Joyer\u00eda:<\/strong><\/p>\n<p>Considerando los gramos, kilataje y dise\u00f1o.<\/p>\n<p><strong>Aparatos el\u00e9ctricos y otros art\u00edculos:<\/strong><\/p>\n<p>Dependiendo del valor de mercado y la condici\u00f3n del art\u00edculo.<\/p><\/p>\n<\/div>\n<\/div><\/li><li><div class=\"betterdocs-faq-group\"><div class=\"betterdocs-faq-post\">\n\t<div class=\"betterdocs-faq-post-icon-group\"><svg class=\"betterdocs-faq-iconplus\" xmlns=\"http:\/\/www.w3.org\/2000\/svg\" viewBox=\"0 0 24 24\"><path fill=\"#000000\" d=\"M18 10h-4V6h-4v4H6v4h4v4h4v-4h4\"><\/path><\/svg><svg class=\"betterdocs-faq-iconminus\" xmlns=\"http:\/\/www.w3.org\/2000\/svg\" viewBox=\"0 0 24 24\"><path fill=\"#000000\" d=\"M6 10h12v4H6z\"><\/path><\/svg><\/div>\t<p class=\"betterdocs-faq-post-name\">\n\t\t\u00bfCu\u00e1nto pago de Intereses?\t<\/p>\n\t<\/div>\n<div class=\"betterdocs-faq-main-content\" >\n\t<p>En el caso de miscel\u00e1nea (electr\u00f3nicos y herramienta) el inter\u00e9s se calcula diariamente, exclusivamente durante los d\u00edas en que su prenda se encuentre en nuestras instalaciones. Para joyer\u00eda y veh\u00edculos, el inter\u00e9s se mantiene constante por un per\u00edodo de 30 d\u00edas.<\/p>\n<\/div>\n<\/div><\/li><li><div class=\"betterdocs-faq-group\"><div class=\"betterdocs-faq-post\">\n\t<div class=\"betterdocs-faq-post-icon-group\"><svg class=\"betterdocs-faq-iconplus\" xmlns=\"http:\/\/www.w3.org\/2000\/svg\" viewBox=\"0 0 24 24\"><path fill=\"#000000\" d=\"M18 10h-4V6h-4v4H6v4h4v4h4v-4h4\"><\/path><\/svg><svg class=\"betterdocs-faq-iconminus\" xmlns=\"http:\/\/www.w3.org\/2000\/svg\" viewBox=\"0 0 24 24\"><path fill=\"#000000\" d=\"M6 10h12v4H6z\"><\/path><\/svg><\/div>\t<p class=\"betterdocs-faq-post-name\">\n\t\t\u00bfQu\u00e9 necesito para empe\u00f1ar?\t<\/p>\n\t<\/div>\n<div class=\"betterdocs-faq-main-content\" >\n\t<p>Para joyer\u00eda, herramienta o electronicos. Llevar el art\u00edculo y ser propietario del art\u00edculo, ser mayor de edad y mostrar tu identificaci\u00f3n oficial con fotograf\u00eda (INE o Pasaporte).<\/p>\n<p>En el caso de motocicleta:<\/p>\n<p>&#8211;\tLlevar la motocicleta y ser el propietario<\/p>\n<p>&#8211;\tIdentificaci\u00f3n oficial (INE o Pasaporte)<\/p>\n<p>&#8211;\tFactura original&nbsp;<\/p>\n<p>&#8211;\tTarjeta de circulaci\u00f3n.<\/p>\n<p>En el caso de autos:<\/p>\n<p>&#8211;\tLlevar el autom\u00f3vil y ser el propietario<\/p>\n<p>&#8211;\tIdentificaci\u00f3n oficial (INE o Pasaporte)<\/p>\n<p>&#8211;\tFactura original&nbsp;<\/p>\n<p>&#8211;\tTarjeta de circulaci\u00f3n.<\/p>\n<p>&#8211;\tComprobante de domicilio<\/p>\n<p>&#8211;\tDuplicado de llave<\/p>\n<\/div>\n<\/div><\/li><li><div class=\"betterdocs-faq-group\"><div class=\"betterdocs-faq-post\">\n\t<div class=\"betterdocs-faq-post-icon-group\"><svg class=\"betterdocs-faq-iconplus\" xmlns=\"http:\/\/www.w3.org\/2000\/svg\" viewBox=\"0 0 24 24\"><path fill=\"#000000\" d=\"M18 10h-4V6h-4v4H6v4h4v4h4v-4h4\"><\/path><\/svg><svg class=\"betterdocs-faq-iconminus\" xmlns=\"http:\/\/www.w3.org\/2000\/svg\" viewBox=\"0 0 24 24\"><path fill=\"#000000\" d=\"M6 10h12v4H6z\"><\/path><\/svg><\/div>\t<p class=\"betterdocs-faq-post-name\">\n\t\t\u00bfCu\u00e1ntas veces puedo refrendar?\t<\/p>\n\t<\/div>\n<div class=\"betterdocs-faq-main-content\" >\n\t<p>Los refrendos son ilimitados en joyer\u00eda de oro y miscel\u00e1nea cada 30 d\u00edas.<\/p>\n<\/div>\n<\/div><\/li><li><div class=\"betterdocs-faq-group\"><div class=\"betterdocs-faq-post\">\n\t<div class=\"betterdocs-faq-post-icon-group\"><svg class=\"betterdocs-faq-iconplus\" xmlns=\"http:\/\/www.w3.org\/2000\/svg\" viewBox=\"0 0 24 24\"><path fill=\"#000000\" d=\"M18 10h-4V6h-4v4H6v4h4v4h4v-4h4\"><\/path><\/svg><svg class=\"betterdocs-faq-iconminus\" xmlns=\"http:\/\/www.w3.org\/2000\/svg\" viewBox=\"0 0 24 24\"><path fill=\"#000000\" d=\"M6 10h12v4H6z\"><\/path><\/svg><\/div>\t<p class=\"betterdocs-faq-post-name\">\n\t\t\u00bfPuedo recoger mi prenda en el momento que yo desee?\t<\/p>\n\t<\/div>\n<div class=\"betterdocs-faq-main-content\" >\n\t<p>En joyer\u00eda de oro es necesario avisar un d\u00eda antes.<\/p>\n<\/div>\n<\/div><\/li><li><div class=\"betterdocs-faq-group\"><div class=\"betterdocs-faq-post\">\n\t<div class=\"betterdocs-faq-post-icon-group\"><svg class=\"betterdocs-faq-iconplus\" xmlns=\"http:\/\/www.w3.org\/2000\/svg\" viewBox=\"0 0 24 24\"><path fill=\"#000000\" d=\"M18 10h-4V6h-4v4H6v4h4v4h4v-4h4\"><\/path><\/svg><svg class=\"betterdocs-faq-iconminus\" xmlns=\"http:\/\/www.w3.org\/2000\/svg\" viewBox=\"0 0 24 24\"><path fill=\"#000000\" d=\"M6 10h12v4H6z\"><\/path><\/svg><\/div>\t<p class=\"betterdocs-faq-post-name\">\n\t\t\u00bfPuede otra persona recoger mi prenda en caso de que yo no pueda?\t<\/p>\n\t<\/div>\n<div class=\"betterdocs-faq-main-content\" >\n\t<p><span style=\"font-size: 14pt;font-family: Times New Roman\", \"serif;\">S\u00ed, pero solo aquellas personas autorizadas que figuran en el contrato (cotitular o beneficiario) tienen permiso, ya que la boleta es intransferible. Se requiere proporcionar una copia de su identificaci\u00f3n.<\/span><\/p>\n<\/div>\n<\/div><\/li><li><div class=\"betterdocs-faq-group\"><div class=\"betterdocs-faq-post\">\n\t<div class=\"betterdocs-faq-post-icon-group\"><svg class=\"betterdocs-faq-iconplus\" xmlns=\"http:\/\/www.w3.org\/2000\/svg\" viewBox=\"0 0 24 24\"><path fill=\"#000000\" d=\"M18 10h-4V6h-4v4H6v4h4v4h4v-4h4\"><\/path><\/svg><svg class=\"betterdocs-faq-iconminus\" xmlns=\"http:\/\/www.w3.org\/2000\/svg\" viewBox=\"0 0 24 24\"><path fill=\"#000000\" d=\"M6 10h12v4H6z\"><\/path><\/svg><\/div>\t<p class=\"betterdocs-faq-post-name\">\n\t\t\u00bfQu\u00e9 hago si extravi\u00e9 mi boleta?\t<\/p>\n\t<\/div>\n<div class=\"betterdocs-faq-main-content\" >\n\t<p><span style=\"font-size: 14pt;font-family: Times New Roman\", \"serif;\">Informar de manera inmediata a la sucursal donde realiz\u00f3 el empe\u00f1o.<\/span><\/p>\n<\/div>\n<\/div><\/li><li><div class=\"betterdocs-faq-group\"><div class=\"betterdocs-faq-post\">\n\t<div class=\"betterdocs-faq-post-icon-group\"><svg class=\"betterdocs-faq-iconplus\" xmlns=\"http:\/\/www.w3.org\/2000\/svg\" viewBox=\"0 0 24 24\"><path fill=\"#000000\" d=\"M18 10h-4V6h-4v4H6v4h4v4h4v-4h4\"><\/path><\/svg><svg class=\"betterdocs-faq-iconminus\" xmlns=\"http:\/\/www.w3.org\/2000\/svg\" viewBox=\"0 0 24 24\"><path fill=\"#000000\" d=\"M6 10h12v4H6z\"><\/path><\/svg><\/div>\t<p class=\"betterdocs-faq-post-name\">\n\t\t\u00bfPuedo abonar?\t<\/p>\n\t<\/div>\n<div class=\"betterdocs-faq-main-content\" >\n\t<p>S\u00ed, tiene la opci\u00f3n de realizar pagos a capital en la fecha de su elecci\u00f3n.<\/p>\n<\/div>\n<\/div><\/li><li><div class=\"betterdocs-faq-group\"><div class=\"betterdocs-faq-post\">\n\t<div class=\"betterdocs-faq-post-icon-group\"><svg class=\"betterdocs-faq-iconplus\" xmlns=\"http:\/\/www.w3.org\/2000\/svg\" viewBox=\"0 0 24 24\"><path fill=\"#000000\" d=\"M18 10h-4V6h-4v4H6v4h4v4h4v-4h4\"><\/path><\/svg><svg class=\"betterdocs-faq-iconminus\" xmlns=\"http:\/\/www.w3.org\/2000\/svg\" viewBox=\"0 0 24 24\"><path fill=\"#000000\" d=\"M6 10h12v4H6z\"><\/path><\/svg><\/div>\t<p class=\"betterdocs-faq-post-name\">\n\t\t\u00bfLos art\u00edculos que venden son usados?\t<\/p>\n\t<\/div>\n<div class=\"betterdocs-faq-main-content\" >\n\t<p>Todos nuestros art\u00edculos son usados.<\/p>\n<\/div>\n<\/div><\/li><li><div class=\"betterdocs-faq-group\"><div class=\"betterdocs-faq-post\">\n\t<div class=\"betterdocs-faq-post-icon-group\"><svg class=\"betterdocs-faq-iconplus\" xmlns=\"http:\/\/www.w3.org\/2000\/svg\" viewBox=\"0 0 24 24\"><path fill=\"#000000\" d=\"M18 10h-4V6h-4v4H6v4h4v4h4v-4h4\"><\/path><\/svg><svg class=\"betterdocs-faq-iconminus\" xmlns=\"http:\/\/www.w3.org\/2000\/svg\" viewBox=\"0 0 24 24\"><path fill=\"#000000\" d=\"M6 10h12v4H6z\"><\/path><\/svg><\/div>\t<p class=\"betterdocs-faq-post-name\">\n\t\t\u00bfLos art\u00edculos cuentan con garant\u00eda?\t<\/p>\n\t<\/div>\n<div class=\"betterdocs-faq-main-content\" >\n\t<p>No contamos con garant\u00eda ya que nuestros art\u00edculos son usados.<\/p>\n<\/div>\n<\/div><\/li><li><div class=\"betterdocs-faq-group\"><div class=\"betterdocs-faq-post\">\n\t<div class=\"betterdocs-faq-post-icon-group\"><svg class=\"betterdocs-faq-iconplus\" xmlns=\"http:\/\/www.w3.org\/2000\/svg\" viewBox=\"0 0 24 24\"><path fill=\"#000000\" d=\"M18 10h-4V6h-4v4H6v4h4v4h4v-4h4\"><\/path><\/svg><svg class=\"betterdocs-faq-iconminus\" xmlns=\"http:\/\/www.w3.org\/2000\/svg\" viewBox=\"0 0 24 24\"><path fill=\"#000000\" d=\"M6 10h12v4H6z\"><\/path><\/svg><\/div>\t<p class=\"betterdocs-faq-post-name\">\n\t\t\u00bfTienen sistema de apartado?\t<\/p>\n\t<\/div>\n<div class=\"betterdocs-faq-main-content\" >\n\t<p>S\u00ed, tienes la posibilidad de apartar hasta por un mes o incluso tres meses. En caso de que efect\u00faes el pago total dentro de un mes.<\/p>\n<\/div>\n<\/div><\/li><\/ul>\t<\/div>\n<\/div>\n\t\t\t\t<\/div>\n\t\t\t\t<div class=\"elementor-element elementor-element-14a3a31 elementor-widget-divider--view-line elementor-widget elementor-widget-divider\" data-id=\"14a3a31\" data-element_type=\"widget\" data-e-type=\"widget\" data-widget_type=\"divider.default\">\n\t\t\t\t<div class=\"elementor-widget-container\">\n\t\t\t\t\t\t\t<div class=\"elementor-divider\">\n\t\t\t<span class=\"elementor-divider-separator\">\n\t\t\t\t\t\t<\/span>\n\t\t<\/div>\n\t\t\t\t\t\t<\/div>\n\t\t\t\t<\/div>\n\t\t\t\t\t<\/div>\n\t\t\t\t<\/div>\n\t\t\t\t\t<\/div>\n\t\t\t\t<\/div>\n\t\t\t\t<\/div>\n\t\t","protected":false},"excerpt":{"rendered":"<p>Preguntas Frecuentes Preguntas Frecuentes \u00bfQu\u00e9 es empe\u00f1o? Se trata de un pr\u00e9stamo con inter\u00e9s, respaldado por una garant\u00eda prendaria que [&hellip;]<\/p>\n","protected":false},"author":1,"featured_media":0,"parent":0,"menu_order":0,"comment_status":"closed","ping_status":"closed","template":"","meta":{"site-sidebar-layout":"no-sidebar","site-content-layout":"","ast-site-content-layout":"full-width-container","site-content-style":"default","site-sidebar-style":"default","ast-global-header-display":"","ast-banner-title-visibility":"","ast-main-header-display":"","ast-hfb-above-header-display":"","ast-hfb-below-header-display":"","ast-hfb-mobile-header-display":"","site-post-title":"disabled","ast-breadcrumbs-content":"","ast-featured-img":"disabled","footer-sml-layout":"","ast-disable-related-posts":"","theme-transparent-header-meta":"","adv-header-id-meta":"","stick-header-meta":"","header-above-stick-meta":"","header-main-stick-meta":"","header-below-stick-meta":"","astra-migrate-meta-layouts":"default","ast-page-background-enabled":"default","ast-page-background-meta":{"desktop":{"background-color":"var(--ast-global-color-4)","background-image":"","background-repeat":"repeat","background-position":"center center","background-size":"auto","background-attachment":"scroll","background-type":"","background-media":"","overlay-type":"","overlay-color":"","overlay-opacity":"","overlay-gradient":""},"tablet":{"background-color":"","background-image":"","background-repeat":"repeat","background-position":"center center","background-size":"auto","background-attachment":"scroll","background-type":"","background-media":"","overlay-type":"","overlay-color":"","overlay-opacity":"","overlay-gradient":""},"mobile":{"background-color":"","background-image":"","background-repeat":"repeat","background-position":"center center","background-size":"auto","background-attachment":"scroll","background-type":"","background-media":"","overlay-type":"","overlay-color":"","overlay-opacity":"","overlay-gradient":""}},"ast-content-background-meta":{"desktop":{"background-color":"var(--ast-global-color-5)","background-image":"","background-repeat":"repeat","background-position":"center center","background-size":"auto","background-attachment":"scroll","background-type":"","background-media":"","overlay-type":"","overlay-color":"","overlay-opacity":"","overlay-gradient":""},"tablet":{"background-color":"var(--ast-global-color-5)","background-image":"","background-repeat":"repeat","background-position":"center center","background-size":"auto","background-attachment":"scroll","background-type":"","background-media":"","overlay-type":"","overlay-color":"","overlay-opacity":"","overlay-gradient":""},"mobile":{"background-color":"var(--ast-global-color-5)","background-image":"","background-repeat":"repeat","background-position":"center center","background-size":"auto","background-attachment":"scroll","background-type":"","background-media":"","overlay-type":"","overlay-color":"","overlay-opacity":"","overlay-gradient":""}},"footnotes":""},"class_list":["post-77","page","type-page","status-publish","hentry"],"yoast_head":"<!-- This site is optimized with the Yoast SEO plugin v27.4 - https:\/\/yoast.com\/product\/yoast-seo-wordpress\/ -->\n<title>Preguntas Frecuentes - Casa Rub&iacute;<\/title>\n<meta name=\"robots\" content=\"index, follow, max-snippet:-1, max-image-preview:large, max-video-preview:-1\" \/>\n<link rel=\"canonical\" href=\"https:\/\/casarubi.mx\/inicio\/0\/preguntas-frecuentes\/\" \/>\n<meta property=\"og:locale\" content=\"es_ES\" \/>\n<meta property=\"og:type\" content=\"article\" \/>\n<meta property=\"og:title\" content=\"Preguntas Frecuentes - Casa Rub&iacute;\" \/>\n<meta property=\"og:description\" content=\"Preguntas Frecuentes Preguntas Frecuentes \u00bfQu\u00e9 es empe\u00f1o? Se trata de un pr\u00e9stamo con inter\u00e9s, respaldado por una garant\u00eda prendaria que [&hellip;]\" \/>\n<meta property=\"og:url\" content=\"https:\/\/casarubi.mx\/inicio\/0\/preguntas-frecuentes\/\" \/>\n<meta property=\"og:site_name\" content=\"Casa Rub&iacute;\" \/>\n<meta property=\"article:modified_time\" content=\"2024-04-25T18:38:51+00:00\" \/>\n<meta name=\"twitter:card\" content=\"summary_large_image\" \/>\n<meta name=\"twitter:label1\" content=\"Tiempo de lectura\" \/>\n\t<meta name=\"twitter:data1\" content=\"3 minutos\" \/>\n<script type=\"application\/ld+json\" class=\"yoast-schema-graph\">{\"@context\":\"https:\\\/\\\/schema.org\",\"@graph\":[{\"@type\":\"WebPage\",\"@id\":\"https:\\\/\\\/casarubi.mx\\\/inicio\\\/0\\\/preguntas-frecuentes\\\/\",\"url\":\"https:\\\/\\\/casarubi.mx\\\/inicio\\\/0\\\/preguntas-frecuentes\\\/\",\"name\":\"Preguntas Frecuentes - Casa Rub&iacute;\",\"isPartOf\":{\"@id\":\"https:\\\/\\\/casarubi.mx\\\/inicio\\\/0\\\/#website\"},\"datePublished\":\"2024-02-21T18:22:31+00:00\",\"dateModified\":\"2024-04-25T18:38:51+00:00\",\"breadcrumb\":{\"@id\":\"https:\\\/\\\/casarubi.mx\\\/inicio\\\/0\\\/preguntas-frecuentes\\\/#breadcrumb\"},\"inLanguage\":\"es\",\"potentialAction\":[{\"@type\":\"ReadAction\",\"target\":[\"https:\\\/\\\/casarubi.mx\\\/inicio\\\/0\\\/preguntas-frecuentes\\\/\"]}]},{\"@type\":\"BreadcrumbList\",\"@id\":\"https:\\\/\\\/casarubi.mx\\\/inicio\\\/0\\\/preguntas-frecuentes\\\/#breadcrumb\",\"itemListElement\":[{\"@type\":\"ListItem\",\"position\":1,\"name\":\"Portada\",\"item\":\"https:\\\/\\\/casarubi.mx\\\/inicio\\\/0\\\/\"},{\"@type\":\"ListItem\",\"position\":2,\"name\":\"Preguntas Frecuentes\"}]},{\"@type\":\"WebSite\",\"@id\":\"https:\\\/\\\/casarubi.mx\\\/inicio\\\/0\\\/#website\",\"url\":\"https:\\\/\\\/casarubi.mx\\\/inicio\\\/0\\\/\",\"name\":\"Casa Rub&iacute;\",\"description\":\"\",\"publisher\":{\"@id\":\"https:\\\/\\\/casarubi.mx\\\/inicio\\\/0\\\/#organization\"},\"potentialAction\":[{\"@type\":\"SearchAction\",\"target\":{\"@type\":\"EntryPoint\",\"urlTemplate\":\"https:\\\/\\\/casarubi.mx\\\/inicio\\\/0\\\/?s={search_term_string}\"},\"query-input\":{\"@type\":\"PropertyValueSpecification\",\"valueRequired\":true,\"valueName\":\"search_term_string\"}}],\"inLanguage\":\"es\"},{\"@type\":\"Organization\",\"@id\":\"https:\\\/\\\/casarubi.mx\\\/inicio\\\/0\\\/#organization\",\"name\":\"Casa Rub&iacute;\",\"url\":\"https:\\\/\\\/casarubi.mx\\\/inicio\\\/0\\\/\",\"logo\":{\"@type\":\"ImageObject\",\"inLanguage\":\"es\",\"@id\":\"https:\\\/\\\/casarubi.mx\\\/inicio\\\/0\\\/#\\\/schema\\\/logo\\\/image\\\/\",\"url\":\"https:\\\/\\\/casarubi.mx\\\/wp-content\\\/uploads\\\/2024\\\/03\\\/logo-recort.png\",\"contentUrl\":\"https:\\\/\\\/casarubi.mx\\\/wp-content\\\/uploads\\\/2024\\\/03\\\/logo-recort.png\",\"width\":180,\"height\":60,\"caption\":\"Casa Rub&iacute;\"},\"image\":{\"@id\":\"https:\\\/\\\/casarubi.mx\\\/inicio\\\/0\\\/#\\\/schema\\\/logo\\\/image\\\/\"}}]}<\/script>\n<!-- \/ Yoast SEO plugin. -->","yoast_head_json":{"title":"Preguntas Frecuentes - Casa Rub&iacute;","robots":{"index":"index","follow":"follow","max-snippet":"max-snippet:-1","max-image-preview":"max-image-preview:large","max-video-preview":"max-video-preview:-1"},"canonical":"https:\/\/casarubi.mx\/inicio\/0\/preguntas-frecuentes\/","og_locale":"es_ES","og_type":"article","og_title":"Preguntas Frecuentes - Casa Rub&iacute;","og_description":"Preguntas Frecuentes Preguntas Frecuentes \u00bfQu\u00e9 es empe\u00f1o? Se trata de un pr\u00e9stamo con inter\u00e9s, respaldado por una garant\u00eda prendaria que [&hellip;]","og_url":"https:\/\/casarubi.mx\/inicio\/0\/preguntas-frecuentes\/","og_site_name":"Casa Rub&iacute;","article_modified_time":"2024-04-25T18:38:51+00:00","twitter_card":"summary_large_image","twitter_misc":{"Tiempo de lectura":"3 minutos"},"schema":{"@context":"https:\/\/schema.org","@graph":[{"@type":"WebPage","@id":"https:\/\/casarubi.mx\/inicio\/0\/preguntas-frecuentes\/","url":"https:\/\/casarubi.mx\/inicio\/0\/preguntas-frecuentes\/","name":"Preguntas Frecuentes - Casa Rub&iacute;","isPartOf":{"@id":"https:\/\/casarubi.mx\/inicio\/0\/#website"},"datePublished":"2024-02-21T18:22:31+00:00","dateModified":"2024-04-25T18:38:51+00:00","breadcrumb":{"@id":"https:\/\/casarubi.mx\/inicio\/0\/preguntas-frecuentes\/#breadcrumb"},"inLanguage":"es","potentialAction":[{"@type":"ReadAction","target":["https:\/\/casarubi.mx\/inicio\/0\/preguntas-frecuentes\/"]}]},{"@type":"BreadcrumbList","@id":"https:\/\/casarubi.mx\/inicio\/0\/preguntas-frecuentes\/#breadcrumb","itemListElement":[{"@type":"ListItem","position":1,"name":"Portada","item":"https:\/\/casarubi.mx\/inicio\/0\/"},{"@type":"ListItem","position":2,"name":"Preguntas Frecuentes"}]},{"@type":"WebSite","@id":"https:\/\/casarubi.mx\/inicio\/0\/#website","url":"https:\/\/casarubi.mx\/inicio\/0\/","name":"Casa Rub&iacute;","description":"","publisher":{"@id":"https:\/\/casarubi.mx\/inicio\/0\/#organization"},"potentialAction":[{"@type":"SearchAction","target":{"@type":"EntryPoint","urlTemplate":"https:\/\/casarubi.mx\/inicio\/0\/?s={search_term_string}"},"query-input":{"@type":"PropertyValueSpecification","valueRequired":true,"valueName":"search_term_string"}}],"inLanguage":"es"},{"@type":"Organization","@id":"https:\/\/casarubi.mx\/inicio\/0\/#organization","name":"Casa Rub&iacute;","url":"https:\/\/casarubi.mx\/inicio\/0\/","logo":{"@type":"ImageObject","inLanguage":"es","@id":"https:\/\/casarubi.mx\/inicio\/0\/#\/schema\/logo\/image\/","url":"https:\/\/casarubi.mx\/wp-content\/uploads\/2024\/03\/logo-recort.png","contentUrl":"https:\/\/casarubi.mx\/wp-content\/uploads\/2024\/03\/logo-recort.png","width":180,"height":60,"caption":"Casa Rub&iacute;"},"image":{"@id":"https:\/\/casarubi.mx\/inicio\/0\/#\/schema\/logo\/image\/"}}]}},"_links":{"self":[{"href":"https:\/\/casarubi.mx\/inicio\/0\/wp-json\/wp\/v2\/pages\/77","targetHints":{"allow":["GET"]}}],"collection":[{"href":"https:\/\/casarubi.mx\/inicio\/0\/wp-json\/wp\/v2\/pages"}],"about":[{"href":"https:\/\/casarubi.mx\/inicio\/0\/wp-json\/wp\/v2\/types\/page"}],"author":[{"embeddable":true,"href":"https:\/\/casarubi.mx\/inicio\/0\/wp-json\/wp\/v2\/users\/1"}],"replies":[{"embeddable":true,"href":"https:\/\/casarubi.mx\/inicio\/0\/wp-json\/wp\/v2\/comments?post=77"}],"version-history":[{"count":22,"href":"https:\/\/casarubi.mx\/inicio\/0\/wp-json\/wp\/v2\/pages\/77\/revisions"}],"predecessor-version":[{"id":1418,"href":"https:\/\/casarubi.mx\/inicio\/0\/wp-json\/wp\/v2\/pages\/77\/revisions\/1418"}],"wp:attachment":[{"href":"https:\/\/casarubi.mx\/inicio\/0\/wp-json\/wp\/v2\/media?parent=77"}],"curies":[{"name":"wp","href":"https:\/\/api.w.org\/{rel}","templated":true}]}}